{"id":62,"date":"2019-12-05T12:21:07","date_gmt":"2019-12-05T11:21:07","guid":{"rendered":"http:\/\/park-in.pl\/?page_id=62"},"modified":"2025-01-02T23:26:41","modified_gmt":"2025-01-02T22:26:41","slug":"pozostala-oferta","status":"publish","type":"page","link":"https:\/\/park-in.pl\/index.php\/pozostala-oferta\/","title":{"rendered":"Oferta"},"content":{"rendered":"\n<p>Opr\u00f3cz organizacji Stref P\u0142atnego Parkowania i parking\u00f3w komercyjnych PARK IN poleca:<\/p>\n\n\n\n<ol class=\"wp-block-list\">\n<li><strong>Urz\u0105dzenia parkingowe<\/strong> &#8211; dzier\u017cawa, sprzeda\u017c.<\/li>\n<\/ol>\n\n\n\n<p>Firma Park in Sp. z o.o. zapewnia dost\u0119p do sprawdzonych dostawc\u00f3w:  parkomat\u00f3w,  system\u00f3w parkingowych, kas p\u0142atniczych, system\u00f3w szlabanowych, urz\u0105dze\u0144 do kontroli pojazd\u00f3w i punkt\u00f3w \u0142adowania pojazd\u00f3w elektrycznych.<\/p>\n\n\n\n<p>Szczeg\u00f3\u0142ow\u0105 ofert\u0119 przedstawiamy po zapoznaniu si\u0119 z rodzajem i specyfik\u0105 obiektu.<\/p>\n\n\n\n<p>       2. <strong>Zaplecze serwisowe i eksploatacja<\/strong><\/p>\n\n\n\n<p>Posiadamy &nbsp;zr\u00f3\u017cnicowane materia\u0142y eksploatacyjne i\npodzespo\u0142y do oferowanych system\u00f3w parkingowych. <\/p>\n\n\n\n<p>Oferujemy \u015bwietne ceny na papier termiczny do parkomat\u00f3w.<\/p>\n\n\n\n<p>      3. <strong>Oprogramowanie wspomagaj\u0105ce<\/strong> <strong>obs\u0142ug\u0119 parking\u00f3w<\/strong><\/p>\n\n\n\n<p>W ofercie Park In Sp. z o.o. znajduje si\u0119 oprogramowanie do obs\u0142ugi parking\u00f3w prywatnych w modelu parkomaty + kontrola, posiadaj\u0105ce modu\u0142 windykacji nieop\u0142aconych postoj\u00f3w, a tak\u017ce korzystaj\u0105ce z zestawu kontrolerskiego smartfon + drukarka termiczna w wersji on-line.<\/p>\n\n\n\n<p>Posiadamy r\u00f3wnie\u017c wyspecjalizowane oprogramowanie do obs\u0142ugi stref p\u0142atnego parkowania, wraz z modu\u0142em egzekucji administracyjnej i automatycznym modu\u0142em Cepik. Dane miedzy urz\u0105dzeniami: parkomatami, telefonami (p\u0142atno\u015bciami mobilnymi), urz\u0105dzeniami kontrolerskimi itp. wymieniane s\u0105 w czasie rzeczywistym.<\/p>\n\n\n<div class=\"wp-block-image is-style-rounded\">\n<figure class=\"aligncenter size-large is-resized\"><img loading=\"lazy\" decoding=\"async\" src=\"https:\/\/park-in.pl\/wp-content\/uploads\/2020\/09\/parkomat-regulamin.jpg\" alt=\"\" class=\"wp-image-90\" width=\"273\" height=\"577\" srcset=\"https:\/\/park-in.pl\/wp-content\/uploads\/2020\/09\/parkomat-regulamin.jpg 273w, https:\/\/park-in.pl\/wp-content\/uploads\/2020\/09\/parkomat-regulamin-142x300.jpg 142w\" sizes=\"auto, (max-width: 273px) 100vw, 273px\" \/><\/figure><\/div>\n\n\n<p><\/p>\n","protected":false},"excerpt":{"rendered":"<p>Opr\u00f3cz organizacji Stref P\u0142atnego Parkowania i parking\u00f3w komercyjnych PARK IN poleca: Firma Park in Sp. z o.o. zapewnia dost\u0119p do sprawdzonych dostawc\u00f3w: parkomat\u00f3w, system\u00f3w parkingowych, kas p\u0142atniczych, system\u00f3w szlabanowych, urz\u0105dze\u0144 do kontroli pojazd\u00f3w i punkt\u00f3w \u0142adowania pojazd\u00f3w elektrycznych. Szczeg\u00f3\u0142ow\u0105 ofert\u0119 przedstawiamy po zapoznaniu si\u0119 z rodzajem i specyfik\u0105 obiektu. 2. Zaplecze serwisowe i eksploatacja Posiadamy [&hellip;]<\/p>\n","protected":false},"author":1,"featured_media":0,"parent":0,"menu_order":0,"comment_status":"closed","ping_status":"closed","template":"","meta":{"footnotes":""},"class_list":["post-62","page","type-page","status-publish","hentry"],"_links":{"self":[{"href":"https:\/\/park-in.pl\/index.php\/wp-json\/wp\/v2\/pages\/62","targetHints":{"allow":["GET"]}}],"collection":[{"href":"https:\/\/park-in.pl\/index.php\/wp-json\/wp\/v2\/pages"}],"about":[{"href":"https:\/\/park-in.pl\/index.php\/wp-json\/wp\/v2\/types\/page"}],"author":[{"embeddable":true,"href":"https:\/\/park-in.pl\/index.php\/wp-json\/wp\/v2\/users\/1"}],"replies":[{"embeddable":true,"href":"https:\/\/park-in.pl\/index.php\/wp-json\/wp\/v2\/comments?post=62"}],"version-history":[{"count":11,"href":"https:\/\/park-in.pl\/index.php\/wp-json\/wp\/v2\/pages\/62\/revisions"}],"predecessor-version":[{"id":168,"href":"https:\/\/park-in.pl\/index.php\/wp-json\/wp\/v2\/pages\/62\/revisions\/168"}],"wp:attachment":[{"href":"https:\/\/park-in.pl\/index.php\/wp-json\/wp\/v2\/media?parent=62"}],"curies":[{"name":"wp","href":"https:\/\/api.w.org\/{rel}","templated":true}]}}