{"id":6,"date":"2019-12-03T15:29:19","date_gmt":"2019-12-03T14:29:19","guid":{"rendered":"http:\/\/park-in.pl\/?page_id=6"},"modified":"2025-08-19T15:42:16","modified_gmt":"2025-08-19T13:42:16","slug":"6-2","status":"publish","type":"page","link":"https:\/\/park-in.pl\/","title":{"rendered":"O firmie."},"content":{"rendered":"\n<p>Firma <strong>Park in<\/strong> <strong>Sp. z o.o.<\/strong> jest m\u0142odym zespo\u0142em o ugruntowanej wiedzy rynkowej. Nasi eksperci, w bran\u017cy parkingowej poruszaj\u0105 si\u0119 od ponad 20 lat. \u00a0Naszym atutem jest \u015bwie\u017ce spojrzenie na rynek i szeroka wiedza poparta zapleczem parter\u00f3w technologicznych.<\/p>\n\n\n\n<p>\u015awiadczymy pe\u0142en zakres us\u0142ug \u2013 od doradztwa, poprzez projektowanie, organizacj\u0119, wyposa\u017cenie i zarzadzanie parkingami. Nasz\u0105 misja jest uproszczenie procesu parkowania na parkingach prywatnych, a tak\u017ce na drogach publicznych nale\u017c\u0105cych do samorz\u0105d\u00f3w. Do ka\u017cdego klienta podchodzimy w spos\u00f3b indywidualny, dopasowuj\u0105c oferowane us\u0142ugi do jego potrzeb.<\/p>\n\n\n\n<p>Wiemy jak pom\u00f3c, aby usprawni\u0107 dzia\u0142anie parkingu i podnie\u015b\u0107\njego rentowno\u015b\u0107. Wspomagamy si\u0119 najnowszymi rozwi\u0105zaniami technicznymi. Oferujemy\nbardzo atrakcyjne ceny us\u0142ug dla naszych klient\u00f3w.<\/p>\n\n\n\n<p>Park in \u2013 Po prostu parkuj.<\/p>\n\n\n\n<figure class=\"wp-block-image size-large is-resized is-style-rounded\"><img loading=\"lazy\" decoding=\"async\" width=\"1024\" height=\"485\" src=\"https:\/\/park-in.pl\/wp-content\/uploads\/2020\/09\/arena-1024x485.jpg\" alt=\"\" class=\"wp-image-89\" style=\"width:569px;height:269px\" srcset=\"https:\/\/park-in.pl\/wp-content\/uploads\/2020\/09\/arena-1024x485.jpg 1024w, https:\/\/park-in.pl\/wp-content\/uploads\/2020\/09\/arena-300x142.jpg 300w, https:\/\/park-in.pl\/wp-content\/uploads\/2020\/09\/arena-768x364.jpg 768w, https:\/\/park-in.pl\/wp-content\/uploads\/2020\/09\/arena.jpg 1320w\" sizes=\"auto, (max-width: 1024px) 100vw, 1024px\" \/><\/figure>\n\n\n\n<p class=\"has-text-align-center\"><\/p>\n","protected":false},"excerpt":{"rendered":"<p>Firma Park in Sp. z o.o. jest m\u0142odym zespo\u0142em o ugruntowanej wiedzy rynkowej. Nasi eksperci, w bran\u017cy parkingowej poruszaj\u0105 si\u0119 od ponad 20 lat. \u00a0Naszym atutem jest \u015bwie\u017ce spojrzenie na rynek i szeroka wiedza poparta zapleczem parter\u00f3w technologicznych. \u015awiadczymy pe\u0142en zakres us\u0142ug \u2013 od doradztwa, poprzez projektowanie, organizacj\u0119, wyposa\u017cenie i zarzadzanie parkingami. Nasz\u0105 misja jest [&hellip;]<\/p>\n","protected":false},"author":1,"featured_media":0,"parent":0,"menu_order":0,"comment_status":"closed","ping_status":"open","template":"","meta":{"footnotes":""},"class_list":["post-6","page","type-page","status-publish","hentry"],"_links":{"self":[{"href":"https:\/\/park-in.pl\/index.php\/wp-json\/wp\/v2\/pages\/6","targetHints":{"allow":["GET"]}}],"collection":[{"href":"https:\/\/park-in.pl\/index.php\/wp-json\/wp\/v2\/pages"}],"about":[{"href":"https:\/\/park-in.pl\/index.php\/wp-json\/wp\/v2\/types\/page"}],"author":[{"embeddable":true,"href":"https:\/\/park-in.pl\/index.php\/wp-json\/wp\/v2\/users\/1"}],"replies":[{"embeddable":true,"href":"https:\/\/park-in.pl\/index.php\/wp-json\/wp\/v2\/comments?post=6"}],"version-history":[{"count":13,"href":"https:\/\/park-in.pl\/index.php\/wp-json\/wp\/v2\/pages\/6\/revisions"}],"predecessor-version":[{"id":212,"href":"https:\/\/park-in.pl\/index.php\/wp-json\/wp\/v2\/pages\/6\/revisions\/212"}],"wp:attachment":[{"href":"https:\/\/park-in.pl\/index.php\/wp-json\/wp\/v2\/media?parent=6"}],"curies":[{"name":"wp","href":"https:\/\/api.w.org\/{rel}","templated":true}]}}