{"id":17,"date":"2019-12-05T11:12:16","date_gmt":"2019-12-05T10:12:16","guid":{"rendered":"http:\/\/park-in.pl\/?page_id=17"},"modified":"2023-02-09T11:15:55","modified_gmt":"2023-02-09T10:15:55","slug":"oferta-parkingi-prywatne","status":"publish","type":"page","link":"https:\/\/park-in.pl\/index.php\/oferta-parkingi-prywatne\/","title":{"rendered":"Parkingi prywatne"},"content":{"rendered":"\n<h2 class=\"wp-block-heading\">Uporz\u0105dkujemy przestrze\u0144 parkingow\u0105, zwi\u0119kszymy rotacj\u0119 pojazd\u00f3w, upro\u015bcimy proces parkowania dla klient\u00f3w.<\/h2>\n\n\n\n<p><\/p>\n\n\n\n<p>Jak wygl\u0105da proces organizacji parkingu komercyjnego w Park In:<\/p>\n\n\n\n<p><em>Analiza potrzeb \u2013 projekt parkingu.<\/em><\/p>\n\n\n\n<p>Pocz\u0105tek dzia\u0142ania Park in Sp. z o.o. w takich przypadkach  to analiza miejsca oraz jego otoczenia. Etap ten wymaga &nbsp;opracowania kompleksowego projektu parkingu zar\u00f3wno pod k\u0105tem organizacji ruchu, rozwi\u0105za\u0144 technicznych jak i &nbsp;parametr\u00f3w finansowych.<\/p>\n\n\n\n<p><em>Organizacja parkingu<\/em><\/p>\n\n\n\n<p>Organizacja parkingu polega na\nw\u0142a\u015bciwym skonfigurowaniu system\u00f3w parkingowych pod dany projekt. W zale\u017cno\u015bci\nod typu parkingu dopasowujemy parkomaty, urz\u0105dzenia kontrolerskie, systemy\nszlabanowe, kasowe i inne. Ca\u0142o\u015b\u0107 integrujemy w miejscu zarzadzania parkingiem.\nWykonujemy niezb\u0119dne prace budowlane, monta\u017cowe i informatyczne.<\/p>\n\n\n\n<p><em>Zarzadzanie parkingiem<\/em><\/p>\n\n\n\n<p>Powierzenie nam czynno\u015bci zwi\u0105zanej z zarz\u0105dzaniem parkingiem zapewnia p\u0142ynne dzia\u0142anie projektu zgodnie z wcze\u015bniejszym projektem. Park in dobiera i szkoli kadr\u0119, przeprowadza okresowe serwisy urz\u0105dze\u0144, sprawuje pe\u0142n\u0105 kontrol\u0119 techniczn\u0105 i administracyjn\u0105 nad obiektem podczas ca\u0142ej umowy.<\/p>\n\n\n\n<figure class=\"wp-block-image size-large is-style-rounded\"><img loading=\"lazy\" decoding=\"async\" width=\"1024\" height=\"940\" src=\"https:\/\/park-in.pl\/wp-content\/uploads\/2023\/02\/IMG_0357-1024x940.jpg\" alt=\"\" class=\"wp-image-103\" srcset=\"https:\/\/park-in.pl\/wp-content\/uploads\/2023\/02\/IMG_0357-1024x940.jpg 1024w, https:\/\/park-in.pl\/wp-content\/uploads\/2023\/02\/IMG_0357-300x275.jpg 300w, https:\/\/park-in.pl\/wp-content\/uploads\/2023\/02\/IMG_0357-768x705.jpg 768w, https:\/\/park-in.pl\/wp-content\/uploads\/2023\/02\/IMG_0357.jpg 1512w\" sizes=\"auto, (max-width: 1024px) 100vw, 1024px\" \/><\/figure>\n\n\n\n<p>Obiekt handlowy Wroc\u0142aw. Dzia\u0142ania &#8211; projekt organizacji ruchu, instalacja parkomat\u00f3w z darmowym czasem parkowania, konfiguracja op\u0142at, wdro\u017cenie oznakowania. Bie\u017c\u0105ca obs\u0142uga obiektu: serwis urz\u0105dze\u0144, kontrola parkingu i obs\u0142uga finansowa.<\/p>\n","protected":false},"excerpt":{"rendered":"<p>Uporz\u0105dkujemy przestrze\u0144 parkingow\u0105, zwi\u0119kszymy rotacj\u0119 pojazd\u00f3w, upro\u015bcimy proces parkowania dla klient\u00f3w. Jak wygl\u0105da proces organizacji parkingu komercyjnego w Park In: Analiza potrzeb \u2013 projekt parkingu. Pocz\u0105tek dzia\u0142ania Park in Sp. z o.o. w takich przypadkach to analiza miejsca oraz jego otoczenia. Etap ten wymaga &nbsp;opracowania kompleksowego projektu parkingu zar\u00f3wno pod k\u0105tem organizacji ruchu, rozwi\u0105za\u0144 technicznych [&hellip;]<\/p>\n","protected":false},"author":1,"featured_media":0,"parent":0,"menu_order":0,"comment_status":"closed","ping_status":"open","template":"","meta":{"footnotes":""},"class_list":["post-17","page","type-page","status-publish","hentry"],"_links":{"self":[{"href":"https:\/\/park-in.pl\/index.php\/wp-json\/wp\/v2\/pages\/17","targetHints":{"allow":["GET"]}}],"collection":[{"href":"https:\/\/park-in.pl\/index.php\/wp-json\/wp\/v2\/pages"}],"about":[{"href":"https:\/\/park-in.pl\/index.php\/wp-json\/wp\/v2\/types\/page"}],"author":[{"embeddable":true,"href":"https:\/\/park-in.pl\/index.php\/wp-json\/wp\/v2\/users\/1"}],"replies":[{"embeddable":true,"href":"https:\/\/park-in.pl\/index.php\/wp-json\/wp\/v2\/comments?post=17"}],"version-history":[{"count":9,"href":"https:\/\/park-in.pl\/index.php\/wp-json\/wp\/v2\/pages\/17\/revisions"}],"predecessor-version":[{"id":131,"href":"https:\/\/park-in.pl\/index.php\/wp-json\/wp\/v2\/pages\/17\/revisions\/131"}],"wp:attachment":[{"href":"https:\/\/park-in.pl\/index.php\/wp-json\/wp\/v2\/media?parent=17"}],"curies":[{"name":"wp","href":"https:\/\/api.w.org\/{rel}","templated":true}]}}